{"id":732,"date":"2014-03-27T08:12:59","date_gmt":"2014-03-27T06:12:59","guid":{"rendered":"http:\/\/www.youlab.fr\/blog\/?page_id=732"},"modified":"2014-03-26T23:06:49","modified_gmt":"2014-03-26T21:06:49","slug":"quel-est-le-meilleur-marteau-de-geologue","status":"publish","type":"page","link":"https:\/\/www.youlab.fr\/blog\/quel-est-le-meilleur-marteau-de-geologue\/","title":{"rendered":"Quel est le meilleur marteau de g\u00e9ologue?"},"content":{"rendered":"<p style=\"text-align: justify;\"><a href=\"http:\/\/www.youlab.fr\/blog\/wp-content\/uploads\/2014\/03\/marteau-de-g\u00e9ologue-Estwing.jpg\"><img loading=\"lazy\" decoding=\"async\" class=\"alignleft size-medium wp-image-734\" alt=\"marteau de g\u00e9ologue sur rocher\" src=\"http:\/\/www.youlab.fr\/blog\/wp-content\/uploads\/2014\/03\/marteau-de-g\u00e9ologue-Estwing-300x300.jpg\" width=\"300\" height=\"300\" srcset=\"https:\/\/www.youlab.fr\/blog\/wp-content\/uploads\/2014\/03\/marteau-de-g\u00e9ologue-Estwing-300x300.jpg 300w, https:\/\/www.youlab.fr\/blog\/wp-content\/uploads\/2014\/03\/marteau-de-g\u00e9ologue-Estwing-290x290.jpg 290w, https:\/\/www.youlab.fr\/blog\/wp-content\/uploads\/2014\/03\/marteau-de-g\u00e9ologue-Estwing-50x50.jpg 50w, https:\/\/www.youlab.fr\/blog\/wp-content\/uploads\/2014\/03\/marteau-de-g\u00e9ologue-Estwing.jpg 600w\" sizes=\"auto, (max-width: 300px) 100vw, 300px\" \/><\/a>Aujourd&rsquo;hui nous tentons de r\u00e9pondre \u00a0une question plut\u00f4t complexe, \u00e0 savoir quel est le meilleur marteau de g\u00e9ologue? Et la r\u00e9ponse est simple sans l&rsquo;\u00eatre, en effet le meilleur marteau de g\u00e9ologie sera celui qui conviendra le mieux \u00e0 vos besoins. Il faut alors d\u00e9finir vos besoins<\/p>\n<h2 style=\"text-align: justify;\">Robuste et confortable<\/h2>\n<p style=\"text-align: justify;\">Globalement on retrouve dans les caract\u00e9ristiques principales du bon marteau de g\u00e9ologue la <strong>robustesse<\/strong>. Et c&rsquo;est bien souvent le premier crit\u00e8re de choix, en effet pour frapper et briser les granites les plus durs il faut que l&rsquo;acier soit de qualit\u00e9 et ne s&rsquo;affaisse pas au premier choc. En g\u00e9n\u00e9ral lorsque l&rsquo;on s&rsquo;offre un beau marteau de g\u00e9ologue on aime bien le conserver le plus longtemps possible.<\/p>\n<p style=\"text-align: justify;\">Deuxi\u00e8me crit\u00e8re qualitatif: le <strong>confort du manche<\/strong>. Pour frapper toute la journ\u00e9e il faut que le marteau est un bon grip et une certaine souplesse afin d&rsquo;absorber au mieux les vibrations et pr\u00e9server votre bras.<\/p>\n<p style=\"text-align: justify;\">Enfin on peut citer le poids qui influe beaucoup \u00e0 l&rsquo;usage du marteau. Un trop lourd ne sera pas pratique pour emmener sur le terrain alors qu&rsquo;un trop l\u00e9ger se r\u00e9v\u00e9lera peu efficace pour rompre les roches les plus solides. Notre conseil: optez pour un marteau de 800g \u00e0 1000g qui sera peu encombrant tout en restant puissant.<\/p>\n<p style=\"text-align: justify;\">Il faut ensuite choisir le type de marteau de g\u00e9ologue souhait\u00e9 car il en existe plusieurs.<\/p>\n<h2 style=\"text-align: justify;\">Marteau de g\u00e9ologue pointu<\/h2>\n<p style=\"text-align: justify;\">Premier cas vous avez besoin d&rsquo;un marteau pic, l&rsquo;id\u00e9al est alors d&rsquo;opter pour un pic et plat. C&rsquo;est \u00e0 dire un marteau disposant d&rsquo;une extr\u00e9mit\u00e9 pointue pouvant rompre la roche et d&rsquo;une extr\u00e9mit\u00e9 plate pour la frappe.<\/p>\n<p style=\"text-align: justify;\">Notre conseil, le mod\u00e8le le plus vendu, le <strong>best seller du marteau de g\u00e9ologie<\/strong>:\u00a0<a title=\"marteau de g\u00e9ologue estwing pic et plat\" href=\"http:\/\/www.youlab.fr\/materiel-de-geologie-geologue\/128-marteau-de-geologue-estwing-pointe-et-plat-900g.html\">ICI<\/a><\/p>\n<h2 style=\"text-align: justify;\">Marteau de g\u00e9ologue \u00e9griseur<\/h2>\n<p style=\"text-align: justify;\">Si au contraire vous souhaitez un ciseau, il vous faudra un marteau de g\u00e9ologue \u00e9griseur un peu plus l\u00e9ger afin qu&rsquo;il soit plus maniable. Notre conseil, l&rsquo;<strong>\u00e9griseur pr\u00e9f\u00e9r\u00e9 des g\u00e9ologues<\/strong>: <a title=\"marteau de g\u00e9ologue Estwing \u00e9griseur\" href=\"http:\/\/www.youlab.fr\/materiel-de-geologie-geologue\/129-marteau-de-geologue-egriseur-estwing-790g.html\">ICI<\/a><\/p>\n<h2 style=\"text-align: justify;\">Conclusion<\/h2>\n<p style=\"text-align: justify;\"><span style=\"line-height: 1.5em;\">Nos conseils se portent sur des marteaux <strong>Estwing<\/strong>, une marque qui a fait ses preuves depuis plusieurs d\u00e9cennies ce qui lui a permis d&rsquo;\u00eatre la favorite des g\u00e9ologues du monde entier. Avoir un bon marteau est indispensable \u00e0 tout g\u00e9ologue qui se respecte, nous esp\u00e9rons que cette page vous aidera \u00e0 faire votre choix.<\/span><\/p>\n<p style=\"text-align: justify;\">Les points cl\u00e9 \u00e0 rechercher sont donc: Robustesse, durabilit\u00e9, confort, adapt\u00e9 \u00e0 l&rsquo;usage.<\/p>\n<p style=\"text-align: justify;\">\n","protected":false},"excerpt":{"rendered":"<p>Aujourd&rsquo;hui nous tentons de r\u00e9pondre \u00a0une question plut\u00f4t complexe, \u00e0 savoir quel est le meilleur marteau de g\u00e9ologue? Et la r\u00e9ponse est simple sans l&rsquo;\u00eatre, en effet le meilleur marteau de g\u00e9ologie sera celui qui conviendra le mieux \u00e0 vos besoins. Il faut alors d\u00e9finir vos besoins Robuste et confortable &#8230;<\/p>\n","protected":false},"author":1,"featured_media":734,"parent":0,"menu_order":0,"comment_status":"open","ping_status":"open","template":"","meta":{"footnotes":""},"class_list":["post-732","page","type-page","status-publish","has-post-thumbnail","hentry","has-thumbnail"],"yoast_head":"<!-- This site is optimized with the Yoast SEO plugin v26.8 - https:\/\/yoast.com\/product\/yoast-seo-wordpress\/ -->\n<title>Quel est le meilleur marteau de g\u00e9ologue? - Le blog YouLab<\/title>\n<meta name=\"description\" content=\"Vous recherchez un marteau de g\u00e9ologue et souhaitez des conseils? Tout ce qu&#039;il faut savoir est sur cette page.\" \/>\n<meta name=\"robots\" content=\"index, follow, max-snippet:-1, max-image-preview:large, max-video-preview:-1\" \/>\n<link rel=\"canonical\" href=\"https:\/\/www.youlab.fr\/blog\/quel-est-le-meilleur-marteau-de-geologue\/\" \/>\n<meta property=\"og:locale\" content=\"fr_FR\" \/>\n<meta property=\"og:type\" content=\"article\" \/>\n<meta property=\"og:title\" content=\"Quel est le meilleur marteau de g\u00e9ologue? - Le blog YouLab\" \/>\n<meta property=\"og:description\" content=\"Vous recherchez un marteau de g\u00e9ologue et souhaitez des conseils? Tout ce qu&#039;il faut savoir est sur cette page.\" \/>\n<meta property=\"og:url\" content=\"https:\/\/www.youlab.fr\/blog\/quel-est-le-meilleur-marteau-de-geologue\/\" \/>\n<meta property=\"og:site_name\" content=\"Le blog officiel de www.youlab.fr\" \/>\n<meta property=\"article:publisher\" content=\"https:\/\/www.facebook.com\/YouLab.fr\/\" \/>\n<meta property=\"og:image\" content=\"https:\/\/www.youlab.fr\/blog\/wp-content\/uploads\/2014\/03\/marteau-de-g\u00e9ologue-Estwing.jpg\" \/>\n\t<meta property=\"og:image:width\" content=\"600\" \/>\n\t<meta property=\"og:image:height\" content=\"600\" \/>\n\t<meta property=\"og:image:type\" content=\"image\/jpeg\" \/>\n<meta name=\"twitter:card\" content=\"summary_large_image\" \/>\n<meta name=\"twitter:site\" content=\"@YouLab_France\" \/>\n<meta name=\"twitter:label1\" content=\"Dur\u00e9e de lecture estim\u00e9e\" \/>\n\t<meta name=\"twitter:data1\" content=\"2 minutes\" \/>\n<script type=\"application\/ld+json\" class=\"yoast-schema-graph\">{\"@context\":\"https:\/\/schema.org\",\"@graph\":[{\"@type\":\"WebPage\",\"@id\":\"https:\/\/www.youlab.fr\/blog\/quel-est-le-meilleur-marteau-de-geologue\/\",\"url\":\"https:\/\/www.youlab.fr\/blog\/quel-est-le-meilleur-marteau-de-geologue\/\",\"name\":\"Quel est le meilleur marteau de g\u00e9ologue? - Le blog YouLab\",\"isPartOf\":{\"@id\":\"https:\/\/www.youlab.fr\/blog\/#website\"},\"primaryImageOfPage\":{\"@id\":\"https:\/\/www.youlab.fr\/blog\/quel-est-le-meilleur-marteau-de-geologue\/#primaryimage\"},\"image\":{\"@id\":\"https:\/\/www.youlab.fr\/blog\/quel-est-le-meilleur-marteau-de-geologue\/#primaryimage\"},\"thumbnailUrl\":\"https:\/\/www.youlab.fr\/blog\/wp-content\/uploads\/2014\/03\/marteau-de-g\u00e9ologue-Estwing.jpg\",\"datePublished\":\"2014-03-27T06:12:59+00:00\",\"description\":\"Vous recherchez un marteau de g\u00e9ologue et souhaitez des conseils? Tout ce qu'il faut savoir est sur cette page.\",\"breadcrumb\":{\"@id\":\"https:\/\/www.youlab.fr\/blog\/quel-est-le-meilleur-marteau-de-geologue\/#breadcrumb\"},\"inLanguage\":\"fr-FR\",\"potentialAction\":[{\"@type\":\"ReadAction\",\"target\":[\"https:\/\/www.youlab.fr\/blog\/quel-est-le-meilleur-marteau-de-geologue\/\"]}]},{\"@type\":\"ImageObject\",\"inLanguage\":\"fr-FR\",\"@id\":\"https:\/\/www.youlab.fr\/blog\/quel-est-le-meilleur-marteau-de-geologue\/#primaryimage\",\"url\":\"https:\/\/www.youlab.fr\/blog\/wp-content\/uploads\/2014\/03\/marteau-de-g\u00e9ologue-Estwing.jpg\",\"contentUrl\":\"https:\/\/www.youlab.fr\/blog\/wp-content\/uploads\/2014\/03\/marteau-de-g\u00e9ologue-Estwing.jpg\",\"width\":600,\"height\":600,\"caption\":\"marteau de g\u00e9ologue sur rocher\"},{\"@type\":\"BreadcrumbList\",\"@id\":\"https:\/\/www.youlab.fr\/blog\/quel-est-le-meilleur-marteau-de-geologue\/#breadcrumb\",\"itemListElement\":[{\"@type\":\"ListItem\",\"position\":1,\"name\":\"Accueil\",\"item\":\"https:\/\/www.youlab.fr\/blog\/\"},{\"@type\":\"ListItem\",\"position\":2,\"name\":\"Quel est le meilleur marteau de g\u00e9ologue?\"}]},{\"@type\":\"WebSite\",\"@id\":\"https:\/\/www.youlab.fr\/blog\/#website\",\"url\":\"https:\/\/www.youlab.fr\/blog\/\",\"name\":\"Le blog officiel de www.youlab.fr\",\"description\":\"L&#039;actualit\u00e9 YouLab. L&#039;univers curieux des sciences! Biologie, g\u00e9ologie, chimie, m\u00e9decine, etc...\",\"publisher\":{\"@id\":\"https:\/\/www.youlab.fr\/blog\/#organization\"},\"potentialAction\":[{\"@type\":\"SearchAction\",\"target\":{\"@type\":\"EntryPoint\",\"urlTemplate\":\"https:\/\/www.youlab.fr\/blog\/?s={search_term_string}\"},\"query-input\":{\"@type\":\"PropertyValueSpecification\",\"valueRequired\":true,\"valueName\":\"search_term_string\"}}],\"inLanguage\":\"fr-FR\"},{\"@type\":\"Organization\",\"@id\":\"https:\/\/www.youlab.fr\/blog\/#organization\",\"name\":\"Le blog officiel de www.youlab.fr\",\"url\":\"https:\/\/www.youlab.fr\/blog\/\",\"logo\":{\"@type\":\"ImageObject\",\"inLanguage\":\"fr-FR\",\"@id\":\"https:\/\/www.youlab.fr\/blog\/#\/schema\/logo\/image\/\",\"url\":\"https:\/\/www.youlab.fr\/blog\/wp-content\/uploads\/2018\/09\/Logo-blog-AMP-1.jpg\",\"contentUrl\":\"https:\/\/www.youlab.fr\/blog\/wp-content\/uploads\/2018\/09\/Logo-blog-AMP-1.jpg\",\"width\":190,\"height\":36,\"caption\":\"Le blog officiel de www.youlab.fr\"},\"image\":{\"@id\":\"https:\/\/www.youlab.fr\/blog\/#\/schema\/logo\/image\/\"},\"sameAs\":[\"https:\/\/www.facebook.com\/YouLab.fr\/\",\"https:\/\/x.com\/YouLab_France\",\"https:\/\/www.linkedin.com\/company\/youlab\",\"https:\/\/fr.pinterest.com\/youlab\/\"]}]}<\/script>\n<!-- \/ Yoast SEO plugin. -->","yoast_head_json":{"title":"Quel est le meilleur marteau de g\u00e9ologue? - Le blog YouLab","description":"Vous recherchez un marteau de g\u00e9ologue et souhaitez des conseils? Tout ce qu'il faut savoir est sur cette page.","robots":{"index":"index","follow":"follow","max-snippet":"max-snippet:-1","max-image-preview":"max-image-preview:large","max-video-preview":"max-video-preview:-1"},"canonical":"https:\/\/www.youlab.fr\/blog\/quel-est-le-meilleur-marteau-de-geologue\/","og_locale":"fr_FR","og_type":"article","og_title":"Quel est le meilleur marteau de g\u00e9ologue? - Le blog YouLab","og_description":"Vous recherchez un marteau de g\u00e9ologue et souhaitez des conseils? Tout ce qu'il faut savoir est sur cette page.","og_url":"https:\/\/www.youlab.fr\/blog\/quel-est-le-meilleur-marteau-de-geologue\/","og_site_name":"Le blog officiel de www.youlab.fr","article_publisher":"https:\/\/www.facebook.com\/YouLab.fr\/","og_image":[{"width":600,"height":600,"url":"https:\/\/www.youlab.fr\/blog\/wp-content\/uploads\/2014\/03\/marteau-de-g\u00e9ologue-Estwing.jpg","type":"image\/jpeg"}],"twitter_card":"summary_large_image","twitter_site":"@YouLab_France","twitter_misc":{"Dur\u00e9e de lecture estim\u00e9e":"2 minutes"},"schema":{"@context":"https:\/\/schema.org","@graph":[{"@type":"WebPage","@id":"https:\/\/www.youlab.fr\/blog\/quel-est-le-meilleur-marteau-de-geologue\/","url":"https:\/\/www.youlab.fr\/blog\/quel-est-le-meilleur-marteau-de-geologue\/","name":"Quel est le meilleur marteau de g\u00e9ologue? - Le blog YouLab","isPartOf":{"@id":"https:\/\/www.youlab.fr\/blog\/#website"},"primaryImageOfPage":{"@id":"https:\/\/www.youlab.fr\/blog\/quel-est-le-meilleur-marteau-de-geologue\/#primaryimage"},"image":{"@id":"https:\/\/www.youlab.fr\/blog\/quel-est-le-meilleur-marteau-de-geologue\/#primaryimage"},"thumbnailUrl":"https:\/\/www.youlab.fr\/blog\/wp-content\/uploads\/2014\/03\/marteau-de-g\u00e9ologue-Estwing.jpg","datePublished":"2014-03-27T06:12:59+00:00","description":"Vous recherchez un marteau de g\u00e9ologue et souhaitez des conseils? Tout ce qu'il faut savoir est sur cette page.","breadcrumb":{"@id":"https:\/\/www.youlab.fr\/blog\/quel-est-le-meilleur-marteau-de-geologue\/#breadcrumb"},"inLanguage":"fr-FR","potentialAction":[{"@type":"ReadAction","target":["https:\/\/www.youlab.fr\/blog\/quel-est-le-meilleur-marteau-de-geologue\/"]}]},{"@type":"ImageObject","inLanguage":"fr-FR","@id":"https:\/\/www.youlab.fr\/blog\/quel-est-le-meilleur-marteau-de-geologue\/#primaryimage","url":"https:\/\/www.youlab.fr\/blog\/wp-content\/uploads\/2014\/03\/marteau-de-g\u00e9ologue-Estwing.jpg","contentUrl":"https:\/\/www.youlab.fr\/blog\/wp-content\/uploads\/2014\/03\/marteau-de-g\u00e9ologue-Estwing.jpg","width":600,"height":600,"caption":"marteau de g\u00e9ologue sur rocher"},{"@type":"BreadcrumbList","@id":"https:\/\/www.youlab.fr\/blog\/quel-est-le-meilleur-marteau-de-geologue\/#breadcrumb","itemListElement":[{"@type":"ListItem","position":1,"name":"Accueil","item":"https:\/\/www.youlab.fr\/blog\/"},{"@type":"ListItem","position":2,"name":"Quel est le meilleur marteau de g\u00e9ologue?"}]},{"@type":"WebSite","@id":"https:\/\/www.youlab.fr\/blog\/#website","url":"https:\/\/www.youlab.fr\/blog\/","name":"Le blog officiel de www.youlab.fr","description":"L&#039;actualit\u00e9 YouLab. L&#039;univers curieux des sciences! Biologie, g\u00e9ologie, chimie, m\u00e9decine, etc...","publisher":{"@id":"https:\/\/www.youlab.fr\/blog\/#organization"},"potentialAction":[{"@type":"SearchAction","target":{"@type":"EntryPoint","urlTemplate":"https:\/\/www.youlab.fr\/blog\/?s={search_term_string}"},"query-input":{"@type":"PropertyValueSpecification","valueRequired":true,"valueName":"search_term_string"}}],"inLanguage":"fr-FR"},{"@type":"Organization","@id":"https:\/\/www.youlab.fr\/blog\/#organization","name":"Le blog officiel de www.youlab.fr","url":"https:\/\/www.youlab.fr\/blog\/","logo":{"@type":"ImageObject","inLanguage":"fr-FR","@id":"https:\/\/www.youlab.fr\/blog\/#\/schema\/logo\/image\/","url":"https:\/\/www.youlab.fr\/blog\/wp-content\/uploads\/2018\/09\/Logo-blog-AMP-1.jpg","contentUrl":"https:\/\/www.youlab.fr\/blog\/wp-content\/uploads\/2018\/09\/Logo-blog-AMP-1.jpg","width":190,"height":36,"caption":"Le blog officiel de www.youlab.fr"},"image":{"@id":"https:\/\/www.youlab.fr\/blog\/#\/schema\/logo\/image\/"},"sameAs":["https:\/\/www.facebook.com\/YouLab.fr\/","https:\/\/x.com\/YouLab_France","https:\/\/www.linkedin.com\/company\/youlab","https:\/\/fr.pinterest.com\/youlab\/"]}]}},"_links":{"self":[{"href":"https:\/\/www.youlab.fr\/blog\/wp-json\/wp\/v2\/pages\/732","targetHints":{"allow":["GET"]}}],"collection":[{"href":"https:\/\/www.youlab.fr\/blog\/wp-json\/wp\/v2\/pages"}],"about":[{"href":"https:\/\/www.youlab.fr\/blog\/wp-json\/wp\/v2\/types\/page"}],"author":[{"embeddable":true,"href":"https:\/\/www.youlab.fr\/blog\/wp-json\/wp\/v2\/users\/1"}],"replies":[{"embeddable":true,"href":"https:\/\/www.youlab.fr\/blog\/wp-json\/wp\/v2\/comments?post=732"}],"version-history":[{"count":0,"href":"https:\/\/www.youlab.fr\/blog\/wp-json\/wp\/v2\/pages\/732\/revisions"}],"wp:featuredmedia":[{"embeddable":true,"href":"https:\/\/www.youlab.fr\/blog\/wp-json\/wp\/v2\/media\/734"}],"wp:attachment":[{"href":"https:\/\/www.youlab.fr\/blog\/wp-json\/wp\/v2\/media?parent=732"}],"curies":[{"name":"wp","href":"https:\/\/api.w.org\/{rel}","templated":true}]}}