{"id":311,"date":"2012-04-22T15:31:02","date_gmt":"2012-04-22T13:31:02","guid":{"rendered":"http:\/\/www.youlab.fr\/blog\/?page_id=311"},"modified":"2015-09-19T15:35:55","modified_gmt":"2015-09-19T13:35:55","slug":"ressources-scientifiques-bibliographie","status":"publish","type":"page","link":"https:\/\/www.youlab.fr\/blog\/ressources-scientifiques-bibliographie\/","title":{"rendered":"Ressources scientifiques"},"content":{"rendered":"<p>Pour vous aider dans vos recherches bibliographiques YouLab met \u00e0 disposition un ensemble de ressources bibliographiques originales.<\/p>\n<p><span style=\"text-decoration: underline;\">Consignes pour l&rsquo;utilisation de ces ressources:<\/span><\/p>\n<p>&#8211; La consultation des donn\u00e9es est libre.<\/p>\n<p>&#8211; La reproduction des donn\u00e9es pr\u00e9sent\u00e9es est possible sur internet <strong>uniquement apr\u00e8s accord<\/strong> de YouLab, vous pouvez nous <strong>demander notre accord<\/strong> en nous \u00e9crivant \u00e0: contact@youlab.fr.<\/p>\n<p>&#8211; \u00a0L&rsquo;utilisation des donn\u00e9es est libre pour vos rapports bibliographiques sous condition de <strong>citer leurs auteurs<\/strong> et et <strong>www.youlab.fr <\/strong>comme source.<\/p>\n<p>Bonne lecture!<\/p>\n<p>&nbsp;<\/p>\n<p><a href=\"http:\/\/www.youlab.fr\/blog\/les-proteines-chaperonnes\">Les prot\u00e9ines chaperonnes, prot\u00e9ines de stress thermique\u00a0<\/a><\/p>\n<p>&nbsp;<\/p>\n<p><a href=\"http:\/\/www.youlab.fr\/blog\/ressources-scientifiques-bibliographie\/utilisation-des-small-heat-shock-protei-en-biotechnologie\" target=\"_blank\">Utilisation de sHsp en biotechnologies<\/a><\/p>\n<p>&nbsp;<\/p>\n<p><a title=\"Production de prot\u00e9ines chez E. coli\" href=\"http:\/\/www.youlab.fr\/blog\/surproduction-heterologue-chez-escherichia-coli-et-chaperons-moleculaires\">Surproduction h\u00e9t\u00e9rologue de prot\u00e9ines chez Escherichia coli et prot\u00e9ines chaperonnes<\/a><\/p>\n<p>&nbsp;<\/p>\n<p><a href=\"http:\/\/www.youlab.fr\/blog\/ressources-scientifiques-bibliographie\/incidence-des-plantes-genetiquement-modifiees-sur-les-communautes-microbiennes-du-sol\">Incidence des plantes g\u00e9n\u00e9tiquement modifi\u00e9es sur les\u00a0communaut\u00e9s\u00a0microbiennes du sol<\/a><\/p>\n<p>&nbsp;<\/p>\n<p><a href=\"http:\/\/www.youlab.fr\/blog\/listeria-monocytogenes\">Caract\u00e9risation de Listeria monocytogenes et de sa capacit\u00e9 \u00e0 former des biofilms\u00a0<\/a><\/p>\n<p>&nbsp;<\/p>\n<p><a href=\"http:\/\/www.youlab.fr\/blog\/ressources-scientifiques-bibliographie\/le-lait-et-sa-coagulation\">La coagulation des prot\u00e9ines du lait: les cas\u00e9ines<\/a><\/p>\n<p>&nbsp;<\/p>\n<p><a href=\"http:\/\/www.youlab.fr\/blog\/ressources-scientifiques-bibliographie\/etude-des-precipitations-intenses-sur-la-region-sud-de-locean-indien\">Etude des pr\u00e9cipitations intenses\u00a0sur la r\u00e9gion Sud de l\u2019Oc\u00e9an Indien<\/a><\/p>\n<p>&nbsp;<\/p>\n<p><a href=\"http:\/\/www.youlab.fr\/blog\/ressources-scientifiques-bibliographie\/precipitations-a-haute-resolution\">Etude des pr\u00e9cipitations \u00e0 haute r\u00e9solution<\/a><\/p>\n<p>&nbsp;<\/p>\n<p><a href=\"http:\/\/www.youlab.fr\/blog\/ressources-scientifiques-bibliographie\/etude-du-comportement-mesange-pinson\/\">Comportement des passereaux (pinsons et m\u00e9sanges)<\/a><\/p>\n<p>&nbsp;<\/p>\n<p><a href=\"http:\/\/www.youlab.fr\/blog\/ressources-scientifiques-bibliographie\/se-brosser-les-dents-eviter-crise\/\">Se brosser les dents pour \u00e9viter la crise: relation entre hygi\u00e8ne dentaire et maladies cardio-vasculaires<\/a><\/p>\n<p>&nbsp;<\/p>\n<p><a href=\"http:\/\/www.youlab.fr\/blog\/ressources-scientifiques-bibliographie\/incidence-de-macromolecules-dorigine-levurienne-sur-la-solubilite-de-composes-daromes-en-vin-modele\/\">Incidence de macromol\u00e9cules d\u2019origine levurienne sur la solubilit\u00e9 de compos\u00e9s d\u2019ar\u00f4mes en vin mod\u00e8le.<\/a><\/p>\n<p>&nbsp;<\/p>\n<p>&nbsp;<\/p>\n<p>&nbsp;<\/p>\n","protected":false},"excerpt":{"rendered":"<p>Pour vous aider dans vos recherches bibliographiques YouLab met \u00e0 disposition un ensemble de ressources bibliographiques originales. Consignes pour l&rsquo;utilisation de ces ressources: &#8211; La consultation des donn\u00e9es est libre. &#8211; La reproduction des donn\u00e9es pr\u00e9sent\u00e9es est possible sur internet uniquement apr\u00e8s accord de YouLab, vous pouvez nous demander notre &#8230;<\/p>\n","protected":false},"author":1,"featured_media":0,"parent":0,"menu_order":0,"comment_status":"open","ping_status":"open","template":"","meta":{"footnotes":""},"class_list":["post-311","page","type-page","status-publish","hentry"],"yoast_head":"<!-- This site is optimized with the Yoast SEO plugin v26.8 - https:\/\/yoast.com\/product\/yoast-seo-wordpress\/ -->\n<title>Ressources et donn\u00e9es scientifiques<\/title>\n<meta name=\"description\" content=\"Un ensemble de rapports et donn\u00e9es scientifiques pour aider les \u00e9tudiants dans leurs recherches scientifiques.\" \/>\n<meta name=\"robots\" content=\"index, follow, max-snippet:-1, max-image-preview:large, max-video-preview:-1\" \/>\n<link rel=\"canonical\" href=\"https:\/\/www.youlab.fr\/blog\/ressources-scientifiques-bibliographie\/\" \/>\n<meta property=\"og:locale\" content=\"fr_FR\" \/>\n<meta property=\"og:type\" content=\"article\" \/>\n<meta property=\"og:title\" content=\"Ressources et donn\u00e9es scientifiques\" \/>\n<meta property=\"og:description\" content=\"Un ensemble de rapports et donn\u00e9es scientifiques pour aider les \u00e9tudiants dans leurs recherches scientifiques.\" \/>\n<meta property=\"og:url\" content=\"https:\/\/www.youlab.fr\/blog\/ressources-scientifiques-bibliographie\/\" \/>\n<meta property=\"og:site_name\" content=\"Le blog officiel de www.youlab.fr\" \/>\n<meta property=\"article:publisher\" content=\"https:\/\/www.facebook.com\/YouLab.fr\/\" \/>\n<meta property=\"article:modified_time\" content=\"2015-09-19T13:35:55+00:00\" \/>\n<meta name=\"twitter:card\" content=\"summary_large_image\" \/>\n<meta name=\"twitter:site\" content=\"@YouLab_France\" \/>\n<meta name=\"twitter:label1\" content=\"Dur\u00e9e de lecture estim\u00e9e\" \/>\n\t<meta name=\"twitter:data1\" content=\"1 minute\" \/>\n<script type=\"application\/ld+json\" class=\"yoast-schema-graph\">{\"@context\":\"https:\/\/schema.org\",\"@graph\":[{\"@type\":\"WebPage\",\"@id\":\"https:\/\/www.youlab.fr\/blog\/ressources-scientifiques-bibliographie\/\",\"url\":\"https:\/\/www.youlab.fr\/blog\/ressources-scientifiques-bibliographie\/\",\"name\":\"Ressources et donn\u00e9es scientifiques\",\"isPartOf\":{\"@id\":\"https:\/\/www.youlab.fr\/blog\/#website\"},\"datePublished\":\"2012-04-22T13:31:02+00:00\",\"dateModified\":\"2015-09-19T13:35:55+00:00\",\"description\":\"Un ensemble de rapports et donn\u00e9es scientifiques pour aider les \u00e9tudiants dans leurs recherches scientifiques.\",\"breadcrumb\":{\"@id\":\"https:\/\/www.youlab.fr\/blog\/ressources-scientifiques-bibliographie\/#breadcrumb\"},\"inLanguage\":\"fr-FR\",\"potentialAction\":[{\"@type\":\"ReadAction\",\"target\":[\"https:\/\/www.youlab.fr\/blog\/ressources-scientifiques-bibliographie\/\"]}]},{\"@type\":\"BreadcrumbList\",\"@id\":\"https:\/\/www.youlab.fr\/blog\/ressources-scientifiques-bibliographie\/#breadcrumb\",\"itemListElement\":[{\"@type\":\"ListItem\",\"position\":1,\"name\":\"Accueil\",\"item\":\"https:\/\/www.youlab.fr\/blog\/\"},{\"@type\":\"ListItem\",\"position\":2,\"name\":\"Ressources scientifiques\"}]},{\"@type\":\"WebSite\",\"@id\":\"https:\/\/www.youlab.fr\/blog\/#website\",\"url\":\"https:\/\/www.youlab.fr\/blog\/\",\"name\":\"Le blog officiel de www.youlab.fr\",\"description\":\"L&#039;actualit\u00e9 YouLab. L&#039;univers curieux des sciences! Biologie, g\u00e9ologie, chimie, m\u00e9decine, etc...\",\"publisher\":{\"@id\":\"https:\/\/www.youlab.fr\/blog\/#organization\"},\"potentialAction\":[{\"@type\":\"SearchAction\",\"target\":{\"@type\":\"EntryPoint\",\"urlTemplate\":\"https:\/\/www.youlab.fr\/blog\/?s={search_term_string}\"},\"query-input\":{\"@type\":\"PropertyValueSpecification\",\"valueRequired\":true,\"valueName\":\"search_term_string\"}}],\"inLanguage\":\"fr-FR\"},{\"@type\":\"Organization\",\"@id\":\"https:\/\/www.youlab.fr\/blog\/#organization\",\"name\":\"Le blog officiel de www.youlab.fr\",\"url\":\"https:\/\/www.youlab.fr\/blog\/\",\"logo\":{\"@type\":\"ImageObject\",\"inLanguage\":\"fr-FR\",\"@id\":\"https:\/\/www.youlab.fr\/blog\/#\/schema\/logo\/image\/\",\"url\":\"https:\/\/www.youlab.fr\/blog\/wp-content\/uploads\/2018\/09\/Logo-blog-AMP-1.jpg\",\"contentUrl\":\"https:\/\/www.youlab.fr\/blog\/wp-content\/uploads\/2018\/09\/Logo-blog-AMP-1.jpg\",\"width\":190,\"height\":36,\"caption\":\"Le blog officiel de www.youlab.fr\"},\"image\":{\"@id\":\"https:\/\/www.youlab.fr\/blog\/#\/schema\/logo\/image\/\"},\"sameAs\":[\"https:\/\/www.facebook.com\/YouLab.fr\/\",\"https:\/\/x.com\/YouLab_France\",\"https:\/\/www.linkedin.com\/company\/youlab\",\"https:\/\/fr.pinterest.com\/youlab\/\"]}]}<\/script>\n<!-- \/ Yoast SEO plugin. -->","yoast_head_json":{"title":"Ressources et donn\u00e9es scientifiques","description":"Un ensemble de rapports et donn\u00e9es scientifiques pour aider les \u00e9tudiants dans leurs recherches scientifiques.","robots":{"index":"index","follow":"follow","max-snippet":"max-snippet:-1","max-image-preview":"max-image-preview:large","max-video-preview":"max-video-preview:-1"},"canonical":"https:\/\/www.youlab.fr\/blog\/ressources-scientifiques-bibliographie\/","og_locale":"fr_FR","og_type":"article","og_title":"Ressources et donn\u00e9es scientifiques","og_description":"Un ensemble de rapports et donn\u00e9es scientifiques pour aider les \u00e9tudiants dans leurs recherches scientifiques.","og_url":"https:\/\/www.youlab.fr\/blog\/ressources-scientifiques-bibliographie\/","og_site_name":"Le blog officiel de www.youlab.fr","article_publisher":"https:\/\/www.facebook.com\/YouLab.fr\/","article_modified_time":"2015-09-19T13:35:55+00:00","twitter_card":"summary_large_image","twitter_site":"@YouLab_France","twitter_misc":{"Dur\u00e9e de lecture estim\u00e9e":"1 minute"},"schema":{"@context":"https:\/\/schema.org","@graph":[{"@type":"WebPage","@id":"https:\/\/www.youlab.fr\/blog\/ressources-scientifiques-bibliographie\/","url":"https:\/\/www.youlab.fr\/blog\/ressources-scientifiques-bibliographie\/","name":"Ressources et donn\u00e9es scientifiques","isPartOf":{"@id":"https:\/\/www.youlab.fr\/blog\/#website"},"datePublished":"2012-04-22T13:31:02+00:00","dateModified":"2015-09-19T13:35:55+00:00","description":"Un ensemble de rapports et donn\u00e9es scientifiques pour aider les \u00e9tudiants dans leurs recherches scientifiques.","breadcrumb":{"@id":"https:\/\/www.youlab.fr\/blog\/ressources-scientifiques-bibliographie\/#breadcrumb"},"inLanguage":"fr-FR","potentialAction":[{"@type":"ReadAction","target":["https:\/\/www.youlab.fr\/blog\/ressources-scientifiques-bibliographie\/"]}]},{"@type":"BreadcrumbList","@id":"https:\/\/www.youlab.fr\/blog\/ressources-scientifiques-bibliographie\/#breadcrumb","itemListElement":[{"@type":"ListItem","position":1,"name":"Accueil","item":"https:\/\/www.youlab.fr\/blog\/"},{"@type":"ListItem","position":2,"name":"Ressources scientifiques"}]},{"@type":"WebSite","@id":"https:\/\/www.youlab.fr\/blog\/#website","url":"https:\/\/www.youlab.fr\/blog\/","name":"Le blog officiel de www.youlab.fr","description":"L&#039;actualit\u00e9 YouLab. L&#039;univers curieux des sciences! Biologie, g\u00e9ologie, chimie, m\u00e9decine, etc...","publisher":{"@id":"https:\/\/www.youlab.fr\/blog\/#organization"},"potentialAction":[{"@type":"SearchAction","target":{"@type":"EntryPoint","urlTemplate":"https:\/\/www.youlab.fr\/blog\/?s={search_term_string}"},"query-input":{"@type":"PropertyValueSpecification","valueRequired":true,"valueName":"search_term_string"}}],"inLanguage":"fr-FR"},{"@type":"Organization","@id":"https:\/\/www.youlab.fr\/blog\/#organization","name":"Le blog officiel de www.youlab.fr","url":"https:\/\/www.youlab.fr\/blog\/","logo":{"@type":"ImageObject","inLanguage":"fr-FR","@id":"https:\/\/www.youlab.fr\/blog\/#\/schema\/logo\/image\/","url":"https:\/\/www.youlab.fr\/blog\/wp-content\/uploads\/2018\/09\/Logo-blog-AMP-1.jpg","contentUrl":"https:\/\/www.youlab.fr\/blog\/wp-content\/uploads\/2018\/09\/Logo-blog-AMP-1.jpg","width":190,"height":36,"caption":"Le blog officiel de www.youlab.fr"},"image":{"@id":"https:\/\/www.youlab.fr\/blog\/#\/schema\/logo\/image\/"},"sameAs":["https:\/\/www.facebook.com\/YouLab.fr\/","https:\/\/x.com\/YouLab_France","https:\/\/www.linkedin.com\/company\/youlab","https:\/\/fr.pinterest.com\/youlab\/"]}]}},"_links":{"self":[{"href":"https:\/\/www.youlab.fr\/blog\/wp-json\/wp\/v2\/pages\/311","targetHints":{"allow":["GET"]}}],"collection":[{"href":"https:\/\/www.youlab.fr\/blog\/wp-json\/wp\/v2\/pages"}],"about":[{"href":"https:\/\/www.youlab.fr\/blog\/wp-json\/wp\/v2\/types\/page"}],"author":[{"embeddable":true,"href":"https:\/\/www.youlab.fr\/blog\/wp-json\/wp\/v2\/users\/1"}],"replies":[{"embeddable":true,"href":"https:\/\/www.youlab.fr\/blog\/wp-json\/wp\/v2\/comments?post=311"}],"version-history":[{"count":0,"href":"https:\/\/www.youlab.fr\/blog\/wp-json\/wp\/v2\/pages\/311\/revisions"}],"wp:attachment":[{"href":"https:\/\/www.youlab.fr\/blog\/wp-json\/wp\/v2\/media?parent=311"}],"curies":[{"name":"wp","href":"https:\/\/api.w.org\/{rel}","templated":true}]}}